{"id":30,"date":"2022-01-20T01:44:12","date_gmt":"2022-01-20T01:44:12","guid":{"rendered":"http:\/\/transportallaire.com\/?page_id=30"},"modified":"2025-03-04T15:13:08","modified_gmt":"2025-03-04T15:13:08","slug":"ts","status":"publish","type":"page","link":"https:\/\/transportallaire.com\/?page_id=30","title":{"rendered":"Transport"},"content":{"rendered":"\t\t<div data-elementor-type=\"wp-page\" data-elementor-id=\"30\" class=\"elementor elementor-30\">\n\t\t\t\t\t\t<section class=\"elementor-section elementor-top-section elementor-element elementor-element-d471922 elementor-section-boxed elementor-section-height-default elementor-section-height-default\" data-id=\"d471922\" data-element_type=\"section\" data-e-type=\"section\">\n\t\t\t\t\t\t<div class=\"elementor-container elementor-column-gap-default\">\n\t\t\t\t\t<div class=\"elementor-column elementor-col-100 elementor-top-column elementor-element elementor-element-8f3d851\" data-id=\"8f3d851\" data-element_type=\"column\" data-e-type=\"column\">\n\t\t\t<div class=\"elementor-widget-wrap elementor-element-populated\">\n\t\t\t\t\t\t<div class=\"elementor-element elementor-element-2b05adf elementor-widget elementor-widget-heading\" data-id=\"2b05adf\" data-element_type=\"widget\" data-e-type=\"widget\" data-widget_type=\"heading.default\">\n\t\t\t\t<div class=\"elementor-widget-container\">\n\t\t\t\t\t<h2 class=\"elementor-heading-title elementor-size-default\">Transport Hors Normes<\/h2>\t\t\t\t<\/div>\n\t\t\t\t<\/div>\n\t\t\t\t<div class=\"elementor-element elementor-element-1f6f01d elementor-widget elementor-widget-text-editor\" data-id=\"1f6f01d\" data-element_type=\"widget\" data-e-type=\"widget\" data-widget_type=\"text-editor.default\">\n\t\t\t\t<div class=\"elementor-widget-container\">\n\t\t\t\t\t\t\t\t\t<p>Transport Allaire d\u00e9tient l\u2019expertise et les \u00e9quipements pour le transport de cargaison de dimensions et de poids exceptionnels. Nous poss\u00e9dons les permis annuels pour faire du transport hors normes Qu\u00e9bec et Ontario. Nous pouvons obtenir sur demande un permis sp\u00e9cial pour du transport partout au Canada.<\/p>\t\t\t\t\t\t\t\t<\/div>\n\t\t\t\t<\/div>\n\t\t\t\t<section class=\"elementor-section elementor-inner-section elementor-element elementor-element-4d38695 elementor-section-boxed elementor-section-height-default elementor-section-height-default\" data-id=\"4d38695\" data-element_type=\"section\" data-e-type=\"section\">\n\t\t\t\t\t\t<div class=\"elementor-container elementor-column-gap-default\">\n\t\t\t\t\t<div class=\"elementor-column elementor-col-50 elementor-inner-column elementor-element elementor-element-22b9255\" data-id=\"22b9255\" data-element_type=\"column\" data-e-type=\"column\">\n\t\t\t<div class=\"elementor-widget-wrap elementor-element-populated\">\n\t\t\t\t\t\t<div class=\"elementor-element elementor-element-22a48e5 elementor-widget elementor-widget-text-editor\" data-id=\"22a48e5\" data-element_type=\"widget\" data-e-type=\"widget\" data-widget_type=\"text-editor.default\">\n\t\t\t\t<div class=\"elementor-widget-container\">\n\t\t\t\t\t\t\t\t\t<p><span style=\"color: var( --e-global-color-text ); font-family: var( --e-global-typography-text-font-family ), Sans-serif; font-weight: var( --e-global-typography-text-font-weight );\">\u2981 Fardier jusqu&rsquo;\u00e0 11 essieux<\/span><\/p><p>\u2981 Remorque surbaiss\u00e9e<\/p><p>\u2981 Remorque extensible<\/p><p>\u2981 Drop deck avec rampes et treuil<\/p><p>\u2981 Escorte routi\u00e8re<\/p><p>Avec nos \u00e9quipements ainsi que la technologie assist\u00e9e, notre \u00e9quipe assurera la livraison \u00e0 temps et en toute s\u00e9curit\u00e9<\/p>\t\t\t\t\t\t\t\t<\/div>\n\t\t\t\t<\/div>\n\t\t\t\t\t<\/div>\n\t\t<\/div>\n\t\t\t\t<div class=\"elementor-column elementor-col-50 elementor-inner-column elementor-element elementor-element-c2658d5\" data-id=\"c2658d5\" data-element_type=\"column\" data-e-type=\"column\">\n\t\t\t<div class=\"elementor-widget-wrap elementor-element-populated\">\n\t\t\t\t\t\t<div class=\"elementor-element elementor-element-4fa2d1d elementor-widget elementor-widget-image\" data-id=\"4fa2d1d\" data-element_type=\"widget\" data-e-type=\"widget\" data-widget_type=\"image.default\">\n\t\t\t\t<div class=\"elementor-widget-container\">\n\t\t\t\t\t\t\t\t\t\t\t\t\t\t\t<img fetchpriority=\"high\" decoding=\"async\" width=\"1024\" height=\"768\" src=\"https:\/\/transportallaire.com\/wp-content\/uploads\/2022\/02\/IMG_3944-1024x768.jpeg\" class=\"attachment-large size-large wp-image-328\" alt=\"\" srcset=\"https:\/\/transportallaire.com\/wp-content\/uploads\/2022\/02\/IMG_3944-1024x768.jpeg 1024w, https:\/\/transportallaire.com\/wp-content\/uploads\/2022\/02\/IMG_3944-300x225.jpeg 300w, https:\/\/transportallaire.com\/wp-content\/uploads\/2022\/02\/IMG_3944-768x576.jpeg 768w, https:\/\/transportallaire.com\/wp-content\/uploads\/2022\/02\/IMG_3944-1536x1152.jpeg 1536w, https:\/\/transportallaire.com\/wp-content\/uploads\/2022\/02\/IMG_3944-1440x1080.jpeg 1440w, https:\/\/transportallaire.com\/wp-content\/uploads\/2022\/02\/IMG_3944.jpeg 2048w\" sizes=\"(max-width: 1024px) 100vw, 1024px\" \/>\t\t\t\t\t\t\t\t\t\t\t\t\t\t\t<\/div>\n\t\t\t\t<\/div>\n\t\t\t\t\t<\/div>\n\t\t<\/div>\n\t\t\t\t\t<\/div>\n\t\t<\/section>\n\t\t\t\t<section class=\"elementor-section elementor-inner-section elementor-element elementor-element-59d35a0 elementor-section-boxed elementor-section-height-default elementor-section-height-default\" data-id=\"59d35a0\" data-element_type=\"section\" data-e-type=\"section\">\n\t\t\t\t\t\t<div class=\"elementor-container elementor-column-gap-default\">\n\t\t\t\t\t<div class=\"elementor-column elementor-col-50 elementor-inner-column elementor-element elementor-element-d56fc40\" data-id=\"d56fc40\" data-element_type=\"column\" data-e-type=\"column\">\n\t\t\t<div class=\"elementor-widget-wrap elementor-element-populated\">\n\t\t\t\t\t\t<div class=\"elementor-element elementor-element-490964a elementor-widget elementor-widget-image\" data-id=\"490964a\" data-element_type=\"widget\" data-e-type=\"widget\" data-widget_type=\"image.default\">\n\t\t\t\t<div class=\"elementor-widget-container\">\n\t\t\t\t\t\t\t\t\t\t\t\t\t\t\t<img decoding=\"async\" width=\"1024\" height=\"768\" src=\"https:\/\/transportallaire.com\/wp-content\/uploads\/2022\/02\/IMG_9173-1024x768.jpg\" class=\"attachment-large size-large wp-image-348\" alt=\"\" srcset=\"https:\/\/transportallaire.com\/wp-content\/uploads\/2022\/02\/IMG_9173-1024x768.jpg 1024w, https:\/\/transportallaire.com\/wp-content\/uploads\/2022\/02\/IMG_9173-300x225.jpg 300w, https:\/\/transportallaire.com\/wp-content\/uploads\/2022\/02\/IMG_9173-768x576.jpg 768w, https:\/\/transportallaire.com\/wp-content\/uploads\/2022\/02\/IMG_9173-1536x1152.jpg 1536w, https:\/\/transportallaire.com\/wp-content\/uploads\/2022\/02\/IMG_9173-1440x1080.jpg 1440w, https:\/\/transportallaire.com\/wp-content\/uploads\/2022\/02\/IMG_9173.jpg 2016w\" sizes=\"(max-width: 1024px) 100vw, 1024px\" \/>\t\t\t\t\t\t\t\t\t\t\t\t\t\t\t<\/div>\n\t\t\t\t<\/div>\n\t\t\t\t\t<\/div>\n\t\t<\/div>\n\t\t\t\t<div class=\"elementor-column elementor-col-50 elementor-inner-column elementor-element elementor-element-ba9aaa6\" data-id=\"ba9aaa6\" data-element_type=\"column\" data-e-type=\"column\">\n\t\t\t<div class=\"elementor-widget-wrap elementor-element-populated\">\n\t\t\t\t\t\t<div class=\"elementor-element elementor-element-13b9340 elementor-widget elementor-widget-heading\" data-id=\"13b9340\" data-element_type=\"widget\" data-e-type=\"widget\" data-widget_type=\"heading.default\">\n\t\t\t\t<div class=\"elementor-widget-container\">\n\t\t\t\t\t<h2 class=\"elementor-heading-title elementor-size-default\">Transport G\u00e9n\u00e9ral<\/h2>\t\t\t\t<\/div>\n\t\t\t\t<\/div>\n\t\t\t\t<div class=\"elementor-element elementor-element-3343447 elementor-widget elementor-widget-text-editor\" data-id=\"3343447\" data-element_type=\"widget\" data-e-type=\"widget\" data-widget_type=\"text-editor.default\">\n\t\t\t\t<div class=\"elementor-widget-container\">\n\t\t\t\t\t\t\t\t\t<p>Nos remorques \u00e0 plateforme simple (flatbed) et double (B-train) permettent de transporter votre marchandise \u00e0 destination partout au Canada. Notre localisation en Abitibi-T\u00e9miscamingue fait que nous sommes centralis\u00e9s dans le triangle Montr\u00e9al \u2013 Toronto \u2013 Baie James.<\/p>\t\t\t\t\t\t\t\t<\/div>\n\t\t\t\t<\/div>\n\t\t\t\t\t<\/div>\n\t\t<\/div>\n\t\t\t\t\t<\/div>\n\t\t<\/section>\n\t\t\t\t\t<\/div>\n\t\t<\/div>\n\t\t\t\t\t<\/div>\n\t\t<\/section>\n\t\t\t\t<section class=\"elementor-section elementor-top-section elementor-element elementor-element-ecf6d68 elementor-section-boxed elementor-section-height-default elementor-section-height-default\" data-id=\"ecf6d68\" data-element_type=\"section\" data-e-type=\"section\">\n\t\t\t\t\t\t<div class=\"elementor-container elementor-column-gap-default\">\n\t\t\t\t\t<div class=\"elementor-column elementor-col-100 elementor-top-column elementor-element elementor-element-b80d889\" data-id=\"b80d889\" data-element_type=\"column\" data-e-type=\"column\">\n\t\t\t<div class=\"elementor-widget-wrap elementor-element-populated\">\n\t\t\t\t\t\t<section class=\"elementor-section elementor-inner-section elementor-element elementor-element-15c2048 elementor-section-boxed elementor-section-height-default elementor-section-height-default\" data-id=\"15c2048\" data-element_type=\"section\" data-e-type=\"section\">\n\t\t\t\t\t\t<div class=\"elementor-container elementor-column-gap-default\">\n\t\t\t\t\t<div class=\"elementor-column elementor-col-50 elementor-inner-column elementor-element elementor-element-d16a9ef\" data-id=\"d16a9ef\" data-element_type=\"column\" data-e-type=\"column\">\n\t\t\t<div class=\"elementor-widget-wrap elementor-element-populated\">\n\t\t\t\t\t\t<div class=\"elementor-element elementor-element-9f743ca elementor-widget elementor-widget-heading\" data-id=\"9f743ca\" data-element_type=\"widget\" data-e-type=\"widget\" data-widget_type=\"heading.default\">\n\t\t\t\t<div class=\"elementor-widget-container\">\n\t\t\t\t\t<h2 class=\"elementor-heading-title elementor-size-default\">Transport de vrac<\/h2>\t\t\t\t<\/div>\n\t\t\t\t<\/div>\n\t\t\t\t<div class=\"elementor-element elementor-element-2e06a86 elementor-widget elementor-widget-text-editor\" data-id=\"2e06a86\" data-element_type=\"widget\" data-e-type=\"widget\" data-widget_type=\"text-editor.default\">\n\t\t\t\t<div class=\"elementor-widget-container\">\n\t\t\t\t\t\t\t\t\t<p>Avec une forte expertise pour le transport de minerai avec les remorques en vrac (Live Bottom), nous pouvons vous accompagner dans vos projets majeurs. Demandez une soumission pour votre cha\u00eene d\u2019approvisionnement.<\/p>\n<div>&nbsp;<\/div>\t\t\t\t\t\t\t\t<\/div>\n\t\t\t\t<\/div>\n\t\t\t\t\t<\/div>\n\t\t<\/div>\n\t\t\t\t<div class=\"elementor-column elementor-col-50 elementor-inner-column elementor-element elementor-element-226f99c\" data-id=\"226f99c\" data-element_type=\"column\" data-e-type=\"column\">\n\t\t\t<div class=\"elementor-widget-wrap elementor-element-populated\">\n\t\t\t\t\t\t<div class=\"elementor-element elementor-element-13e0cee elementor-widget elementor-widget-image\" data-id=\"13e0cee\" data-element_type=\"widget\" data-e-type=\"widget\" data-widget_type=\"image.default\">\n\t\t\t\t<div class=\"elementor-widget-container\">\n\t\t\t\t\t\t\t\t\t\t\t\t\t\t\t<img decoding=\"async\" width=\"1024\" height=\"768\" src=\"https:\/\/transportallaire.com\/wp-content\/uploads\/2022\/01\/1-transport-p8.jpg\" class=\"attachment-large size-large wp-image-260\" alt=\"\" srcset=\"https:\/\/transportallaire.com\/wp-content\/uploads\/2022\/01\/1-transport-p8.jpg 1024w, https:\/\/transportallaire.com\/wp-content\/uploads\/2022\/01\/1-transport-p8-300x225.jpg 300w, https:\/\/transportallaire.com\/wp-content\/uploads\/2022\/01\/1-transport-p8-768x576.jpg 768w\" sizes=\"(max-width: 1024px) 100vw, 1024px\" \/>\t\t\t\t\t\t\t\t\t\t\t\t\t\t\t<\/div>\n\t\t\t\t<\/div>\n\t\t\t\t\t<\/div>\n\t\t<\/div>\n\t\t\t\t\t<\/div>\n\t\t<\/section>\n\t\t\t\t\t<\/div>\n\t\t<\/div>\n\t\t\t\t\t<\/div>\n\t\t<\/section>\n\t\t\t\t<section class=\"elementor-section elementor-top-section elementor-element elementor-element-08e4424 elementor-section-boxed elementor-section-height-default elementor-section-height-default\" data-id=\"08e4424\" data-element_type=\"section\" data-e-type=\"section\">\n\t\t\t\t\t\t<div class=\"elementor-container elementor-column-gap-default\">\n\t\t\t\t\t<div class=\"elementor-column elementor-col-100 elementor-top-column elementor-element elementor-element-12d42cc\" data-id=\"12d42cc\" data-element_type=\"column\" data-e-type=\"column\">\n\t\t\t<div class=\"elementor-widget-wrap elementor-element-populated\">\n\t\t\t\t\t\t<div class=\"elementor-element elementor-element-f33667a elementor-widget elementor-widget-image\" data-id=\"f33667a\" data-element_type=\"widget\" data-e-type=\"widget\" data-widget_type=\"image.default\">\n\t\t\t\t<div class=\"elementor-widget-container\">\n\t\t\t\t\t\t\t\t\t\t\t\t\t\t\t<img decoding=\"async\" src=\"http:\/\/transportallaire.com\/wp-content\/uploads\/2022\/02\/classe-7-Stator-Osisko-coupe-1-scaled.jpg\" title=\"\" alt=\"\" loading=\"lazy\" \/>\t\t\t\t\t\t\t\t\t\t\t\t\t\t\t<\/div>\n\t\t\t\t<\/div>\n\t\t\t\t\t<\/div>\n\t\t<\/div>\n\t\t\t\t\t<\/div>\n\t\t<\/section>\n\t\t\t\t<\/div>\n\t\t","protected":false},"excerpt":{"rendered":"<p>Transport Hors Normes Transport Allaire d\u00e9tient l\u2019expertise et les \u00e9quipements pour le transport de cargaison de dimensions et de poids exceptionnels. Nous poss\u00e9dons les permis annuels pour faire du transport hors normes Qu\u00e9bec et Ontario. Nous pouvons obtenir sur demande un permis sp\u00e9cial pour du transport partout au Canada. \u2981 Fardier jusqu&rsquo;\u00e0 11 essieux \u2981&hellip; <br \/> <a class=\"read-more\" href=\"https:\/\/transportallaire.com\/?page_id=30\">Lire la suite<\/a><\/p>\n","protected":false},"author":1,"featured_media":691,"parent":0,"menu_order":0,"comment_status":"closed","ping_status":"closed","template":"","meta":{"footnotes":""},"class_list":["post-30","page","type-page","status-publish","has-post-thumbnail","hentry"],"_links":{"self":[{"href":"https:\/\/transportallaire.com\/index.php?rest_route=\/wp\/v2\/pages\/30","targetHints":{"allow":["GET"]}}],"collection":[{"href":"https:\/\/transportallaire.com\/index.php?rest_route=\/wp\/v2\/pages"}],"about":[{"href":"https:\/\/transportallaire.com\/index.php?rest_route=\/wp\/v2\/types\/page"}],"author":[{"embeddable":true,"href":"https:\/\/transportallaire.com\/index.php?rest_route=\/wp\/v2\/users\/1"}],"replies":[{"embeddable":true,"href":"https:\/\/transportallaire.com\/index.php?rest_route=%2Fwp%2Fv2%2Fcomments&post=30"}],"version-history":[{"count":80,"href":"https:\/\/transportallaire.com\/index.php?rest_route=\/wp\/v2\/pages\/30\/revisions"}],"predecessor-version":[{"id":733,"href":"https:\/\/transportallaire.com\/index.php?rest_route=\/wp\/v2\/pages\/30\/revisions\/733"}],"wp:featuredmedia":[{"embeddable":true,"href":"https:\/\/transportallaire.com\/index.php?rest_route=\/wp\/v2\/media\/691"}],"wp:attachment":[{"href":"https:\/\/transportallaire.com\/index.php?rest_route=%2Fwp%2Fv2%2Fmedia&parent=30"}],"curies":[{"name":"wp","href":"https:\/\/api.w.org\/{rel}","templated":true}]}}