{"id":40,"date":"2022-01-20T01:47:36","date_gmt":"2022-01-20T01:47:36","guid":{"rendered":"http:\/\/transportallaire.com\/?page_id=40"},"modified":"2025-03-14T14:19:53","modified_gmt":"2025-03-14T14:19:53","slug":"apfl","status":"publish","type":"page","link":"https:\/\/transportallaire.com\/?page_id=40","title":{"rendered":""},"content":{"rendered":"\t\t<div data-elementor-type=\"wp-page\" data-elementor-id=\"40\" class=\"elementor elementor-40\">\n\t\t\t\t\t\t<section class=\"elementor-section elementor-top-section elementor-element elementor-element-5359dd1 elementor-section-boxed elementor-section-height-default elementor-section-height-default\" data-id=\"5359dd1\" data-element_type=\"section\" data-e-type=\"section\">\n\t\t\t\t\t\t<div class=\"elementor-container elementor-column-gap-default\">\n\t\t\t\t\t<div class=\"elementor-column elementor-col-100 elementor-top-column elementor-element elementor-element-ed31dd1\" data-id=\"ed31dd1\" data-element_type=\"column\" data-e-type=\"column\">\n\t\t\t<div class=\"elementor-widget-wrap elementor-element-populated\">\n\t\t\t\t\t\t<div class=\"elementor-element elementor-element-a36b50c elementor-widget elementor-widget-heading\" data-id=\"a36b50c\" data-element_type=\"widget\" data-e-type=\"widget\" data-widget_type=\"heading.default\">\n\t\t\t\t<div class=\"elementor-widget-container\">\n\t\t\t\t\t<h2 class=\"elementor-heading-title elementor-size-default\">Service Abat poussi\u00e8re, fuel &amp; Lubrifiant<\/h2>\t\t\t\t<\/div>\n\t\t\t\t<\/div>\n\t\t\t\t<section class=\"elementor-section elementor-inner-section elementor-element elementor-element-047af7d elementor-section-boxed elementor-section-height-default elementor-section-height-default\" data-id=\"047af7d\" data-element_type=\"section\" data-e-type=\"section\">\n\t\t\t\t\t\t<div class=\"elementor-container elementor-column-gap-default\">\n\t\t\t\t\t<div class=\"elementor-column elementor-col-50 elementor-inner-column elementor-element elementor-element-30ce277\" data-id=\"30ce277\" data-element_type=\"column\" data-e-type=\"column\">\n\t\t\t<div class=\"elementor-widget-wrap elementor-element-populated\">\n\t\t\t\t\t\t<div class=\"elementor-element elementor-element-8c6e574 elementor-widget elementor-widget-text-editor\" data-id=\"8c6e574\" data-element_type=\"widget\" data-e-type=\"widget\" data-widget_type=\"text-editor.default\">\n\t\t\t\t<div class=\"elementor-widget-container\">\n\t\t\t\t\t\t\t\t\t<p>La compagnie Transport LS est une entreprise qui a commenc\u00e9e en 2004 avec un service de remplissage de piscine et de besoin d\u2019eau. En 2006, Transport LS a commenc\u00e9 \u00e0 op\u00e9rer sur le site de la mine Canadian Malartic pour le service d\u2019abat poussi\u00e8re. En 2019, Transport Allaire acquiert Transport LS afin de continuer la relation avec la mine Canadian Malartic et offrir plus de service.&nbsp; En 2022, gr\u00e2ce \u00e0 la signature d&rsquo;un nouveau contrat d&rsquo;abat poussi\u00e8re, nous consolidons nos activit\u00e9s au sein de la mini\u00e8re.<\/p>\t\t\t\t\t\t\t\t<\/div>\n\t\t\t\t<\/div>\n\t\t\t\t\t<\/div>\n\t\t<\/div>\n\t\t\t\t<div class=\"elementor-column elementor-col-50 elementor-inner-column elementor-element elementor-element-2c10083\" data-id=\"2c10083\" data-element_type=\"column\" data-e-type=\"column\">\n\t\t\t<div class=\"elementor-widget-wrap elementor-element-populated\">\n\t\t\t\t\t\t<div class=\"elementor-element elementor-element-869d2d3 elementor-widget elementor-widget-image\" data-id=\"869d2d3\" data-element_type=\"widget\" data-e-type=\"widget\" data-widget_type=\"image.default\">\n\t\t\t\t<div class=\"elementor-widget-container\">\n\t\t\t\t\t\t\t\t\t\t\t\t\t\t\t<img fetchpriority=\"high\" decoding=\"async\" width=\"363\" height=\"254\" src=\"https:\/\/transportallaire.com\/wp-content\/uploads\/2022\/02\/Logo-transport-LS.png\" class=\"attachment-large size-large wp-image-291\" alt=\"\" srcset=\"https:\/\/transportallaire.com\/wp-content\/uploads\/2022\/02\/Logo-transport-LS.png 363w, https:\/\/transportallaire.com\/wp-content\/uploads\/2022\/02\/Logo-transport-LS-300x210.png 300w\" sizes=\"(max-width: 363px) 100vw, 363px\" \/>\t\t\t\t\t\t\t\t\t\t\t\t\t\t\t<\/div>\n\t\t\t\t<\/div>\n\t\t\t\t\t<\/div>\n\t\t<\/div>\n\t\t\t\t\t<\/div>\n\t\t<\/section>\n\t\t\t\t\t<\/div>\n\t\t<\/div>\n\t\t\t\t\t<\/div>\n\t\t<\/section>\n\t\t\t\t<section class=\"elementor-section elementor-top-section elementor-element elementor-element-6d3724c elementor-section-boxed elementor-section-height-default elementor-section-height-default\" data-id=\"6d3724c\" data-element_type=\"section\" data-e-type=\"section\">\n\t\t\t\t\t\t<div class=\"elementor-container elementor-column-gap-default\">\n\t\t\t\t\t<div class=\"elementor-column elementor-col-100 elementor-top-column elementor-element elementor-element-d052457\" data-id=\"d052457\" data-element_type=\"column\" data-e-type=\"column\">\n\t\t\t<div class=\"elementor-widget-wrap elementor-element-populated\">\n\t\t\t\t\t\t<section class=\"elementor-section elementor-inner-section elementor-element elementor-element-b8c4fb6 elementor-section-boxed elementor-section-height-default elementor-section-height-default\" data-id=\"b8c4fb6\" data-element_type=\"section\" data-e-type=\"section\">\n\t\t\t\t\t\t<div class=\"elementor-container elementor-column-gap-default\">\n\t\t\t\t\t<div class=\"elementor-column elementor-col-50 elementor-inner-column elementor-element elementor-element-979daac\" data-id=\"979daac\" data-element_type=\"column\" data-e-type=\"column\">\n\t\t\t<div class=\"elementor-widget-wrap elementor-element-populated\">\n\t\t\t\t\t\t<div class=\"elementor-element elementor-element-fdac76c elementor-widget elementor-widget-image\" data-id=\"fdac76c\" data-element_type=\"widget\" data-e-type=\"widget\" data-widget_type=\"image.default\">\n\t\t\t\t<div class=\"elementor-widget-container\">\n\t\t\t\t\t\t\t\t\t\t\t\t\t\t\t<img decoding=\"async\" width=\"1024\" height=\"768\" src=\"https:\/\/transportallaire.com\/wp-content\/uploads\/2022\/01\/3-fuelp7-1024x768.jpg\" class=\"attachment-large size-large wp-image-187\" alt=\"\" srcset=\"https:\/\/transportallaire.com\/wp-content\/uploads\/2022\/01\/3-fuelp7-1024x768.jpg 1024w, https:\/\/transportallaire.com\/wp-content\/uploads\/2022\/01\/3-fuelp7-300x225.jpg 300w, https:\/\/transportallaire.com\/wp-content\/uploads\/2022\/01\/3-fuelp7-768x576.jpg 768w, https:\/\/transportallaire.com\/wp-content\/uploads\/2022\/01\/3-fuelp7-1536x1152.jpg 1536w, https:\/\/transportallaire.com\/wp-content\/uploads\/2022\/01\/3-fuelp7-2048x1536.jpg 2048w, https:\/\/transportallaire.com\/wp-content\/uploads\/2022\/01\/3-fuelp7-1440x1080.jpg 1440w\" sizes=\"(max-width: 1024px) 100vw, 1024px\" \/>\t\t\t\t\t\t\t\t\t\t\t\t\t\t\t<\/div>\n\t\t\t\t<\/div>\n\t\t\t\t\t<\/div>\n\t\t<\/div>\n\t\t\t\t<div class=\"elementor-column elementor-col-50 elementor-inner-column elementor-element elementor-element-db80deb\" data-id=\"db80deb\" data-element_type=\"column\" data-e-type=\"column\">\n\t\t\t<div class=\"elementor-widget-wrap elementor-element-populated\">\n\t\t\t\t\t\t<div class=\"elementor-element elementor-element-55200c3 elementor-widget elementor-widget-text-editor\" data-id=\"55200c3\" data-element_type=\"widget\" data-e-type=\"widget\" data-widget_type=\"text-editor.default\">\n\t\t\t\t<div class=\"elementor-widget-container\">\n\t\t\t\t\t\t\t\t\t<p>Aujourd\u2019hui, Transport LS est une entreprise qui emploie pr\u00e8s de 60 personnes et qui offre les services de transport d\u2019eau et d\u2019abat poussi\u00e8re. L\u2019entreprise, facilement qualifiable d\u2019entreprise familiale, dot\u00e9e d\u2019une forte rel\u00e8ve devra continuer \u00e0 se d\u00e9velopper de concert avec l\u2019industrie mini\u00e8re qui subit de grands changements. Affili\u00e9e avec Transport Allaire, nous avons plus de 100 personnes offrant les services de transport de machineries lourdes et de minerai. C\u2019est avec optimiste que l\u2019entreprise s\u2019attend \u00e0 relever ce d\u00e9fi en comptant sur l\u2019effort fourni par chacun de ses employ\u00e9s.<\/p>\t\t\t\t\t\t\t\t<\/div>\n\t\t\t\t<\/div>\n\t\t\t\t\t<\/div>\n\t\t<\/div>\n\t\t\t\t\t<\/div>\n\t\t<\/section>\n\t\t\t\t<div class=\"elementor-element elementor-element-ca78dd1 elementor-widget elementor-widget-spacer\" data-id=\"ca78dd1\" data-element_type=\"widget\" data-e-type=\"widget\" data-widget_type=\"spacer.default\">\n\t\t\t\t<div class=\"elementor-widget-container\">\n\t\t\t\t\t\t\t<div class=\"elementor-spacer\">\n\t\t\t<div class=\"elementor-spacer-inner\"><\/div>\n\t\t<\/div>\n\t\t\t\t\t\t<\/div>\n\t\t\t\t<\/div>\n\t\t\t\t<div class=\"elementor-element elementor-element-8c3a9ae elementor-widget elementor-widget-image\" data-id=\"8c3a9ae\" data-element_type=\"widget\" data-e-type=\"widget\" data-widget_type=\"image.default\">\n\t\t\t\t<div class=\"elementor-widget-container\">\n\t\t\t\t\t\t\t\t\t\t\t\t\t\t\t<img decoding=\"async\" width=\"1536\" height=\"586\" src=\"https:\/\/transportallaire.com\/wp-content\/uploads\/2022\/02\/LS-photo-bas-1536x586.jpg\" class=\"attachment-1536x1536 size-1536x1536 wp-image-304\" alt=\"\" srcset=\"https:\/\/transportallaire.com\/wp-content\/uploads\/2022\/02\/LS-photo-bas-1536x586.jpg 1536w, https:\/\/transportallaire.com\/wp-content\/uploads\/2022\/02\/LS-photo-bas-300x114.jpg 300w, https:\/\/transportallaire.com\/wp-content\/uploads\/2022\/02\/LS-photo-bas-1024x391.jpg 1024w, https:\/\/transportallaire.com\/wp-content\/uploads\/2022\/02\/LS-photo-bas-768x293.jpg 768w, https:\/\/transportallaire.com\/wp-content\/uploads\/2022\/02\/LS-photo-bas-2048x781.jpg 2048w, https:\/\/transportallaire.com\/wp-content\/uploads\/2022\/02\/LS-photo-bas-1920x732.jpg 1920w\" sizes=\"(max-width: 1536px) 100vw, 1536px\" \/>\t\t\t\t\t\t\t\t\t\t\t\t\t\t\t<\/div>\n\t\t\t\t<\/div>\n\t\t\t\t\t<\/div>\n\t\t<\/div>\n\t\t\t\t\t<\/div>\n\t\t<\/section>\n\t\t\t\t<\/div>\n\t\t","protected":false},"excerpt":{"rendered":"<p>Service Abat poussi\u00e8re, fuel &amp; Lubrifiant La compagnie Transport LS est une entreprise qui a commenc\u00e9e en 2004 avec un service de remplissage de piscine et de besoin d\u2019eau. En 2006, Transport LS a commenc\u00e9 \u00e0 op\u00e9rer sur le site de la mine Canadian Malartic pour le service d\u2019abat poussi\u00e8re. En 2019, Transport Allaire acquiert&hellip; <br \/> <a class=\"read-more\" href=\"https:\/\/transportallaire.com\/?page_id=40\">Lire la suite<\/a><\/p>\n","protected":false},"author":1,"featured_media":188,"parent":0,"menu_order":0,"comment_status":"closed","ping_status":"closed","template":"","meta":{"footnotes":""},"class_list":["post-40","page","type-page","status-publish","has-post-thumbnail","hentry"],"_links":{"self":[{"href":"https:\/\/transportallaire.com\/index.php?rest_route=\/wp\/v2\/pages\/40","targetHints":{"allow":["GET"]}}],"collection":[{"href":"https:\/\/transportallaire.com\/index.php?rest_route=\/wp\/v2\/pages"}],"about":[{"href":"https:\/\/transportallaire.com\/index.php?rest_route=\/wp\/v2\/types\/page"}],"author":[{"embeddable":true,"href":"https:\/\/transportallaire.com\/index.php?rest_route=\/wp\/v2\/users\/1"}],"replies":[{"embeddable":true,"href":"https:\/\/transportallaire.com\/index.php?rest_route=%2Fwp%2Fv2%2Fcomments&post=40"}],"version-history":[{"count":64,"href":"https:\/\/transportallaire.com\/index.php?rest_route=\/wp\/v2\/pages\/40\/revisions"}],"predecessor-version":[{"id":759,"href":"https:\/\/transportallaire.com\/index.php?rest_route=\/wp\/v2\/pages\/40\/revisions\/759"}],"wp:featuredmedia":[{"embeddable":true,"href":"https:\/\/transportallaire.com\/index.php?rest_route=\/wp\/v2\/media\/188"}],"wp:attachment":[{"href":"https:\/\/transportallaire.com\/index.php?rest_route=%2Fwp%2Fv2%2Fmedia&parent=40"}],"curies":[{"name":"wp","href":"https:\/\/api.w.org\/{rel}","templated":true}]}}