{"id":41,"date":"2022-01-20T01:47:36","date_gmt":"2022-01-20T01:47:36","guid":{"rendered":"http:\/\/transportallaire.com\/?page_id=41"},"modified":"2025-05-09T13:34:45","modified_gmt":"2025-05-09T13:34:45","slug":"cfml","status":"publish","type":"page","link":"https:\/\/transportallaire.com\/?page_id=41","title":{"rendered":"Formation"},"content":{"rendered":"\t\t<div data-elementor-type=\"wp-page\" data-elementor-id=\"41\" class=\"elementor elementor-41\">\n\t\t\t\t\t\t<section class=\"elementor-section elementor-top-section elementor-element elementor-element-c55de83 elementor-section-boxed elementor-section-height-default elementor-section-height-default\" data-id=\"c55de83\" data-element_type=\"section\" data-e-type=\"section\">\n\t\t\t\t\t\t<div class=\"elementor-container elementor-column-gap-default\">\n\t\t\t\t\t<div class=\"elementor-column elementor-col-100 elementor-top-column elementor-element elementor-element-8b1cb95\" data-id=\"8b1cb95\" data-element_type=\"column\" data-e-type=\"column\">\n\t\t\t<div class=\"elementor-widget-wrap elementor-element-populated\">\n\t\t\t\t\t\t<div class=\"elementor-element elementor-element-52731fc elementor-widget elementor-widget-heading\" data-id=\"52731fc\" data-element_type=\"widget\" data-e-type=\"widget\" data-widget_type=\"heading.default\">\n\t\t\t\t<div class=\"elementor-widget-container\">\n\t\t\t\t\t<h2 class=\"elementor-heading-title elementor-size-default\">Centre de formation CFML<\/h2>\t\t\t\t<\/div>\n\t\t\t\t<\/div>\n\t\t\t\t\t<\/div>\n\t\t<\/div>\n\t\t\t\t\t<\/div>\n\t\t<\/section>\n\t\t\t\t<section class=\"elementor-section elementor-top-section elementor-element elementor-element-27f36e0 elementor-section-boxed elementor-section-height-default elementor-section-height-default\" data-id=\"27f36e0\" data-element_type=\"section\" data-e-type=\"section\">\n\t\t\t\t\t\t<div class=\"elementor-container elementor-column-gap-default\">\n\t\t\t\t\t<div class=\"elementor-column elementor-col-100 elementor-top-column elementor-element elementor-element-376ec64\" data-id=\"376ec64\" data-element_type=\"column\" data-e-type=\"column\">\n\t\t\t<div class=\"elementor-widget-wrap elementor-element-populated\">\n\t\t\t\t\t\t<div class=\"elementor-element elementor-element-09fb1b8 elementor-widget__width-initial elementor-widget elementor-widget-text-editor\" data-id=\"09fb1b8\" data-element_type=\"widget\" data-e-type=\"widget\" data-widget_type=\"text-editor.default\">\n\t\t\t\t<div class=\"elementor-widget-container\">\n\t\t\t\t\t\t\t\t\t<p><i><span data-olk-copy-source=\"MessageBody\">Nous tenons \u00e0 vous informer que notre \u00e9cole de formation fermera ses portes pour une dur\u00e9e ind\u00e9termin\u00e9e.<\/span><\/i><\/p><p><i>Nous sommes toutefois d\u00e9j\u00e0 \u00e0 pied d\u2019\u0153uvre pour que les employ\u00e9s ayant amorc\u00e9 leur formation de classe 1 puissent la poursuivre, et pour que ce service continue d\u2019\u00eatre offert \u00e0 l\u2019interne \u00e0 l\u2019avenir.<\/i><\/p><p><i>Pour les personnes de la r\u00e9gion int\u00e9ress\u00e9es par une carri\u00e8re en transport, \u00e0 l&rsquo;avenir, nous vous invitons \u00e0 contacter l&rsquo;organisation <b>Camo-Route<\/b>. Une belle occasion de d\u00e9couvrir les opportunit\u00e9s dans le domaine du transport routier!<\/i><\/p><p><i>Merci pour votre compr\u00e9hension et votre confiance.<\/i><\/p>\t\t\t\t\t\t\t\t<\/div>\n\t\t\t\t<\/div>\n\t\t\t\t\t<\/div>\n\t\t<\/div>\n\t\t\t\t\t<\/div>\n\t\t<\/section>\n\t\t\t\t<\/div>\n\t\t","protected":false},"excerpt":{"rendered":"<p>Centre de formation CFML Nous tenons \u00e0 vous informer que notre \u00e9cole de formation fermera ses portes pour une dur\u00e9e ind\u00e9termin\u00e9e. Nous sommes toutefois d\u00e9j\u00e0 \u00e0 pied d\u2019\u0153uvre pour que les employ\u00e9s ayant amorc\u00e9 leur formation de classe 1 puissent la poursuivre, et pour que ce service continue d\u2019\u00eatre offert \u00e0 l\u2019interne \u00e0 l\u2019avenir. Pour&hellip; <br \/> <a class=\"read-more\" href=\"https:\/\/transportallaire.com\/?page_id=41\">Lire la suite<\/a><\/p>\n","protected":false},"author":1,"featured_media":522,"parent":0,"menu_order":0,"comment_status":"closed","ping_status":"closed","template":"","meta":{"footnotes":""},"class_list":["post-41","page","type-page","status-publish","has-post-thumbnail","hentry"],"_links":{"self":[{"href":"https:\/\/transportallaire.com\/index.php?rest_route=\/wp\/v2\/pages\/41","targetHints":{"allow":["GET"]}}],"collection":[{"href":"https:\/\/transportallaire.com\/index.php?rest_route=\/wp\/v2\/pages"}],"about":[{"href":"https:\/\/transportallaire.com\/index.php?rest_route=\/wp\/v2\/types\/page"}],"author":[{"embeddable":true,"href":"https:\/\/transportallaire.com\/index.php?rest_route=\/wp\/v2\/users\/1"}],"replies":[{"embeddable":true,"href":"https:\/\/transportallaire.com\/index.php?rest_route=%2Fwp%2Fv2%2Fcomments&post=41"}],"version-history":[{"count":25,"href":"https:\/\/transportallaire.com\/index.php?rest_route=\/wp\/v2\/pages\/41\/revisions"}],"predecessor-version":[{"id":771,"href":"https:\/\/transportallaire.com\/index.php?rest_route=\/wp\/v2\/pages\/41\/revisions\/771"}],"wp:featuredmedia":[{"embeddable":true,"href":"https:\/\/transportallaire.com\/index.php?rest_route=\/wp\/v2\/media\/522"}],"wp:attachment":[{"href":"https:\/\/transportallaire.com\/index.php?rest_route=%2Fwp%2Fv2%2Fmedia&parent=41"}],"curies":[{"name":"wp","href":"https:\/\/api.w.org\/{rel}","templated":true}]}}